{"id":4660,"date":"2015-05-21T12:08:04","date_gmt":"2015-05-21T12:08:04","guid":{"rendered":"http:\/\/www.transformadores.cl\/representaciones-2\/"},"modified":"2020-07-27T07:46:36","modified_gmt":"2020-07-27T10:46:36","slug":"representations","status":"publish","type":"page","link":"https:\/\/www.transformadores.cl\/en\/representations\/","title":{"rendered":"Representations"},"content":{"rendered":"<div class=\"wpb-content-wrapper\"><p>[vc_row][vc_column width=&#8221;1\/1&#8243;][vc_row_inner][vc_column_inner width=&#8221;1\/3&#8243;][vc_column_text]<\/p>\n<h2><img loading=\"lazy\" decoding=\"async\" class=\"alignleft wp-image-4616 size-full\" src=\"http:\/\/www.transformadores.cl\/wp-content\/uploads\/2015\/05\/niagra.png\" alt=\"niagra\" width=\"297\" height=\"151\" \/><\/h2>\n<p>[\/vc_column_text]<div class=\"ult-spacer spacer-69e8cf28f3602\" data-id=\"69e8cf28f3602\" data-height=\"40\" data-height-mobile=\"40\" data-height-tab=\"40\" data-height-tab-portrait=\"\" data-height-mobile-landscape=\"\" style=\"clear:both;display:block;\"><\/div>[\/vc_column_inner][vc_column_inner width=&#8221;2\/3&#8243;][vc_column_text]<\/p>\n<h2>For more than 70 years, Niagara Transformer has supplied the most reliable transformers, from North Pole to South Pole and among each continent.<\/h2>\n<p>[\/vc_column_text]<div class=\"ult-spacer spacer-69e8cf28f36f1\" data-id=\"69e8cf28f36f1\" data-height=\"40\" data-height-mobile=\"40\" data-height-tab=\"40\" data-height-tab-portrait=\"\" data-height-mobile-landscape=\"\" style=\"clear:both;display:block;\"><\/div>[\/vc_column_inner][\/vc_row_inner]<div class=\"hr-thin style-line\" style=\"width: 100%;\"><\/div><div class=\"ult-spacer spacer-69e8cf28f37a6\" data-id=\"69e8cf28f37a6\" data-height=\"40\" data-height-mobile=\"40\" data-height-tab=\"40\" data-height-tab-portrait=\"\" data-height-mobile-landscape=\"\" style=\"clear:both;display:block;\"><\/div>[\/vc_column][\/vc_row][vc_row][vc_column width=&#8221;1\/2&#8243;][vc_column_text]As one of the oldest and most experimented transformers\u2019 fabricants in the world, it is exceptionally qualifies to give solutions to the most requiring problems and customers\u2019 applications. Its design and fabrication result in transformers without disturbances. Each transformer is a reflection of its commitment to satisfy customer\u2019s expectative, no matter how complicated or demanding the application is.<\/p>\n<p>Niagara Transformer, through a wide variety of product and maximum flexibility, helps to optimize the supply chain, it is a unique supplier of transformers and reactors, whether immersed in liquid, dry-type or moulded coils; they are all designed to satisfy your needs.<\/p>\n<p>The leadership of Niagara Transformer in the Ingenieros El\u00e9ctricos y Electr\u00f3nicos institute (IEEE), in the Asociaci\u00f3n Nacional de Fabricantes El\u00e9ctricos (NEMA) and in the Comisi\u00f3n Internacional Electrot\u00e9cnica (IEC) as well as its more than 70 years of experience, accumulated in transformers\u2019 design, makes possible that it does not matter where your transformer is installed, because this will satisfy and exceed the most actual industry standards.<\/p>\n<p>ISO standards are considered an agreement on the good administrative practices, with the only objective of delivering products and services of excellent quality to customers. As a registrated company in ISO 9001:2008, Niagara Transformer\u2019s processes have been certified by international standardization organization.[\/vc_column_text]<div class=\"ult-spacer spacer-69e8cf28f37e7\" data-id=\"69e8cf28f37e7\" data-height=\"40\" data-height-mobile=\"40\" data-height-tab=\"40\" data-height-tab-portrait=\"\" data-height-mobile-landscape=\"\" style=\"clear:both;display:block;\"><\/div>[\/vc_column][vc_column width=&#8221;1\/2&#8243;][vc_column_text]Niagara Transformer\u2019s strength is the ability to understand the customer\u2019s requirements and provide an answer, supplying the most efficient and reliable transformers, to satisfy the most demanding needs.<\/p>\n<p>The fabrication rank of submersed transformers in refrigerant liquid, is up to 50 MVA and 69 KV. Its inequitable experience has make them experts in the use of diverse dielectric fluids, including mineral oil. Favourite refrigerant liquids, with a high point of ignition are: Envirotempa FR3 and Alpha\u00ae, Beta\u00ae, Midel\u00ae, BioTemp\u00ae and silicon fluids.<\/p>\n<p>Niagara Transformer\u2019s focus is to provide a transformer designed according to customer\u2019s needs, any kind of request included. It is a company able to satisfy your needs, even the most special characteristics, with no standards, as impedances and non-standard voltages, special frequencies and low-sound levels.<\/p>\n<p>Niagara Transformer can provide designs of multiple coils, of multi-derivation and of high current, to satisfy the applications demanded by industry. So, it satisfies with the requests to extreme environments, such as corrosive atmospheres or some dangerous, catalogued as Class 1, Division 2, Group C and D.<\/p>\n<p>Niagara Transformer is one of the few companies that provide a complete line of transformers, whether for general use or for special needs of the industries. Its devoted and qualified engineers\u2019 team develops special products, as 3 phase voltage regulators, grounding transformers and reactors.[\/vc_column_text]<div class=\"ult-spacer spacer-69e8cf28f382d\" data-id=\"69e8cf28f382d\" data-height=\"40\" data-height-mobile=\"40\" data-height-tab=\"40\" data-height-tab-portrait=\"\" data-height-mobile-landscape=\"\" style=\"clear:both;display:block;\"><\/div>[\/vc_column][\/vc_row]<\/p>\n<\/div>","protected":false},"excerpt":{"rendered":"<p>[vc_row][vc_column width=&#8221;1\/1&#8243;][vc_row_inner][vc_column_inner width=&#8221;1\/3&#8243;][vc_column_text] [\/vc_column_text][\/vc_column_inner][vc_column_inner width=&#8221;2\/3&#8243;][vc_column_text] For more than 70 years, Niagara Transformer has supplied the most reliable transformers, from North Pole to South Pole and among each continent. [\/vc_column_text][\/vc_column_inner][\/vc_row_inner][\/vc_column][\/vc_row][vc_row][vc_column width=&#8221;1\/2&#8243;][vc_column_text]As one of the oldest and most experimented transformers\u2019 fabricants in the world, it is exceptionally qualifies to give solutions to the most requiring problems and&hellip;<\/p>\n","protected":false},"author":1,"featured_media":0,"parent":0,"menu_order":0,"comment_status":"closed","ping_status":"open","template":"","meta":{"footnotes":""},"class_list":["post-4660","page","type-page","status-publish","hentry","description-off"],"yoast_head":"<!-- This site is optimized with the Yoast SEO Premium plugin v22.4 (Yoast SEO v25.6) - https:\/\/yoast.com\/wordpress\/plugins\/seo\/ -->\n<title>Representations | Transformadores 2015<\/title>\n<meta name=\"description\" content=\"Our represntations around the world. If you need our services wherever you are, we will be there.\" \/>\n<meta name=\"robots\" content=\"index, follow, max-snippet:-1, max-image-preview:large, max-video-preview:-1\" \/>\n<link rel=\"canonical\" href=\"https:\/\/www.transformadores.cl\/en\/representations\/\" \/>\n<meta property=\"og:locale\" content=\"en_US\" \/>\n<meta property=\"og:type\" content=\"article\" \/>\n<meta property=\"og:title\" content=\"Representations\" \/>\n<meta property=\"og:description\" content=\"Our represntations around the world. If you need our services wherever you are, we will be there.\" \/>\n<meta property=\"og:url\" content=\"https:\/\/www.transformadores.cl\/en\/representations\/\" \/>\n<meta property=\"og:site_name\" content=\"Transformadores 2015\" \/>\n<meta property=\"article:modified_time\" content=\"2020-07-27T10:46:36+00:00\" \/>\n<meta property=\"og:image\" content=\"http:\/\/www.transformadores.cl\/wp-content\/uploads\/2015\/05\/niagra.png\" \/>\n<meta name=\"twitter:card\" content=\"summary_large_image\" \/>\n<meta name=\"twitter:label1\" content=\"Est. reading time\" \/>\n\t<meta name=\"twitter:data1\" content=\"3 minutes\" \/>\n<script type=\"application\/ld+json\" class=\"yoast-schema-graph\">{\"@context\":\"https:\/\/schema.org\",\"@graph\":[{\"@type\":\"WebPage\",\"@id\":\"https:\/\/www.transformadores.cl\/en\/representations\/\",\"url\":\"https:\/\/www.transformadores.cl\/en\/representations\/\",\"name\":\"Representations | Transformadores 2015\",\"isPartOf\":{\"@id\":\"https:\/\/www.transformadores.cl\/en\/#website\"},\"primaryImageOfPage\":{\"@id\":\"https:\/\/www.transformadores.cl\/en\/representations\/#primaryimage\"},\"image\":{\"@id\":\"https:\/\/www.transformadores.cl\/en\/representations\/#primaryimage\"},\"thumbnailUrl\":\"http:\/\/www.transformadores.cl\/wp-content\/uploads\/2015\/05\/niagra.png\",\"datePublished\":\"2015-05-21T12:08:04+00:00\",\"dateModified\":\"2020-07-27T10:46:36+00:00\",\"description\":\"Our represntations around the world. If you need our services wherever you are, we will be there.\",\"breadcrumb\":{\"@id\":\"https:\/\/www.transformadores.cl\/en\/representations\/#breadcrumb\"},\"inLanguage\":\"en-US\",\"potentialAction\":[{\"@type\":\"ReadAction\",\"target\":[\"https:\/\/www.transformadores.cl\/en\/representations\/\"]}]},{\"@type\":\"ImageObject\",\"inLanguage\":\"en-US\",\"@id\":\"https:\/\/www.transformadores.cl\/en\/representations\/#primaryimage\",\"url\":\"http:\/\/www.transformadores.cl\/wp-content\/uploads\/2015\/05\/niagra.png\",\"contentUrl\":\"http:\/\/www.transformadores.cl\/wp-content\/uploads\/2015\/05\/niagra.png\"},{\"@type\":\"BreadcrumbList\",\"@id\":\"https:\/\/www.transformadores.cl\/en\/representations\/#breadcrumb\",\"itemListElement\":[{\"@type\":\"ListItem\",\"position\":1,\"name\":\"Portada\",\"item\":\"https:\/\/www.transformadores.cl\/en\/\"},{\"@type\":\"ListItem\",\"position\":2,\"name\":\"Representations\"}]},{\"@type\":\"WebSite\",\"@id\":\"https:\/\/www.transformadores.cl\/en\/#website\",\"url\":\"https:\/\/www.transformadores.cl\/en\/\",\"name\":\"Transformadores CH\",\"description\":\"Fabricaci\u00f3n de transformadores industriales\",\"publisher\":{\"@id\":\"https:\/\/www.transformadores.cl\/en\/#organization\"},\"potentialAction\":[{\"@type\":\"SearchAction\",\"target\":{\"@type\":\"EntryPoint\",\"urlTemplate\":\"https:\/\/www.transformadores.cl\/en\/?s={search_term_string}\"},\"query-input\":{\"@type\":\"PropertyValueSpecification\",\"valueRequired\":true,\"valueName\":\"search_term_string\"}}],\"inLanguage\":\"en-US\"},{\"@type\":\"Organization\",\"@id\":\"https:\/\/www.transformadores.cl\/en\/#organization\",\"name\":\"Transformadores CH\",\"url\":\"https:\/\/www.transformadores.cl\/en\/\",\"logo\":{\"@type\":\"ImageObject\",\"inLanguage\":\"en-US\",\"@id\":\"https:\/\/www.transformadores.cl\/en\/#\/schema\/logo\/image\/\",\"url\":\"https:\/\/www.transformadores.cl\/wp-content\/uploads\/2015\/05\/logo.png\",\"contentUrl\":\"https:\/\/www.transformadores.cl\/wp-content\/uploads\/2015\/05\/logo.png\",\"width\":206,\"height\":76,\"caption\":\"Transformadores CH\"},\"image\":{\"@id\":\"https:\/\/www.transformadores.cl\/en\/#\/schema\/logo\/image\/\"},\"sameAs\":[\"https:\/\/www.linkedin.com\/company\/transformadores-ch-s.a.\/\"]}]}<\/script>\n<!-- \/ Yoast SEO Premium plugin. -->","yoast_head_json":{"title":"Representations | Transformadores 2015","description":"Our represntations around the world. If you need our services wherever you are, we will be there.","robots":{"index":"index","follow":"follow","max-snippet":"max-snippet:-1","max-image-preview":"max-image-preview:large","max-video-preview":"max-video-preview:-1"},"canonical":"https:\/\/www.transformadores.cl\/en\/representations\/","og_locale":"en_US","og_type":"article","og_title":"Representations","og_description":"Our represntations around the world. If you need our services wherever you are, we will be there.","og_url":"https:\/\/www.transformadores.cl\/en\/representations\/","og_site_name":"Transformadores 2015","article_modified_time":"2020-07-27T10:46:36+00:00","og_image":[{"url":"http:\/\/www.transformadores.cl\/wp-content\/uploads\/2015\/05\/niagra.png","type":"","width":"","height":""}],"twitter_card":"summary_large_image","twitter_misc":{"Est. reading time":"3 minutes"},"schema":{"@context":"https:\/\/schema.org","@graph":[{"@type":"WebPage","@id":"https:\/\/www.transformadores.cl\/en\/representations\/","url":"https:\/\/www.transformadores.cl\/en\/representations\/","name":"Representations | Transformadores 2015","isPartOf":{"@id":"https:\/\/www.transformadores.cl\/en\/#website"},"primaryImageOfPage":{"@id":"https:\/\/www.transformadores.cl\/en\/representations\/#primaryimage"},"image":{"@id":"https:\/\/www.transformadores.cl\/en\/representations\/#primaryimage"},"thumbnailUrl":"http:\/\/www.transformadores.cl\/wp-content\/uploads\/2015\/05\/niagra.png","datePublished":"2015-05-21T12:08:04+00:00","dateModified":"2020-07-27T10:46:36+00:00","description":"Our represntations around the world. If you need our services wherever you are, we will be there.","breadcrumb":{"@id":"https:\/\/www.transformadores.cl\/en\/representations\/#breadcrumb"},"inLanguage":"en-US","potentialAction":[{"@type":"ReadAction","target":["https:\/\/www.transformadores.cl\/en\/representations\/"]}]},{"@type":"ImageObject","inLanguage":"en-US","@id":"https:\/\/www.transformadores.cl\/en\/representations\/#primaryimage","url":"http:\/\/www.transformadores.cl\/wp-content\/uploads\/2015\/05\/niagra.png","contentUrl":"http:\/\/www.transformadores.cl\/wp-content\/uploads\/2015\/05\/niagra.png"},{"@type":"BreadcrumbList","@id":"https:\/\/www.transformadores.cl\/en\/representations\/#breadcrumb","itemListElement":[{"@type":"ListItem","position":1,"name":"Portada","item":"https:\/\/www.transformadores.cl\/en\/"},{"@type":"ListItem","position":2,"name":"Representations"}]},{"@type":"WebSite","@id":"https:\/\/www.transformadores.cl\/en\/#website","url":"https:\/\/www.transformadores.cl\/en\/","name":"Transformadores CH","description":"Fabricaci\u00f3n de transformadores industriales","publisher":{"@id":"https:\/\/www.transformadores.cl\/en\/#organization"},"potentialAction":[{"@type":"SearchAction","target":{"@type":"EntryPoint","urlTemplate":"https:\/\/www.transformadores.cl\/en\/?s={search_term_string}"},"query-input":{"@type":"PropertyValueSpecification","valueRequired":true,"valueName":"search_term_string"}}],"inLanguage":"en-US"},{"@type":"Organization","@id":"https:\/\/www.transformadores.cl\/en\/#organization","name":"Transformadores CH","url":"https:\/\/www.transformadores.cl\/en\/","logo":{"@type":"ImageObject","inLanguage":"en-US","@id":"https:\/\/www.transformadores.cl\/en\/#\/schema\/logo\/image\/","url":"https:\/\/www.transformadores.cl\/wp-content\/uploads\/2015\/05\/logo.png","contentUrl":"https:\/\/www.transformadores.cl\/wp-content\/uploads\/2015\/05\/logo.png","width":206,"height":76,"caption":"Transformadores CH"},"image":{"@id":"https:\/\/www.transformadores.cl\/en\/#\/schema\/logo\/image\/"},"sameAs":["https:\/\/www.linkedin.com\/company\/transformadores-ch-s.a.\/"]}]}},"_links":{"self":[{"href":"https:\/\/www.transformadores.cl\/en\/wp-json\/wp\/v2\/pages\/4660","targetHints":{"allow":["GET"]}}],"collection":[{"href":"https:\/\/www.transformadores.cl\/en\/wp-json\/wp\/v2\/pages"}],"about":[{"href":"https:\/\/www.transformadores.cl\/en\/wp-json\/wp\/v2\/types\/page"}],"author":[{"embeddable":true,"href":"https:\/\/www.transformadores.cl\/en\/wp-json\/wp\/v2\/users\/1"}],"replies":[{"embeddable":true,"href":"https:\/\/www.transformadores.cl\/en\/wp-json\/wp\/v2\/comments?post=4660"}],"version-history":[{"count":4,"href":"https:\/\/www.transformadores.cl\/en\/wp-json\/wp\/v2\/pages\/4660\/revisions"}],"predecessor-version":[{"id":5469,"href":"https:\/\/www.transformadores.cl\/en\/wp-json\/wp\/v2\/pages\/4660\/revisions\/5469"}],"wp:attachment":[{"href":"https:\/\/www.transformadores.cl\/en\/wp-json\/wp\/v2\/media?parent=4660"}],"curies":[{"name":"wp","href":"https:\/\/api.w.org\/{rel}","templated":true}]}}